{"id":6625,"date":"2024-04-23T15:13:31","date_gmt":"2024-04-23T12:13:31","guid":{"rendered":"https:\/\/www.reunamoedu.fi\/?post_type=product&#038;p=6625"},"modified":"2025-09-03T15:15:37","modified_gmt":"2025-09-03T12:15:37","slug":"koulutuskokonaisuus","status":"publish","type":"product","link":"https:\/\/www.reunamoedu.fi\/en\/tuote\/koulutuskokonaisuus\/","title":{"rendered":"R\u00e4\u00e4t\u00e4l\u00f6ity koulutuskokonaisuus"},"content":{"rendered":"","protected":false},"excerpt":{"rendered":"<p>Autamme kehitt\u00e4m\u00e4\u00e4n laadukasta kasvatusta ja opetusta &#8211; autamme mielell\u00e4mme erilaisissa varhaiskasvatuksen henkil\u00f6st\u00f6n koulutustarpeissa!<\/p>\n","protected":false},"featured_media":6642,"template":"","meta":{"_acf_changed":false},"product_brand":[],"product_cat":[112],"product_tag":[],"class_list":{"0":"post-6625","1":"product","2":"type-product","3":"status-publish","4":"has-post-thumbnail","6":"product_cat-koulutustilaisuus","8":"first","9":"instock","10":"virtual","11":"taxable","12":"product-type-simple"},"yoast_head":"<!-- This site is optimized with the Yoast SEO plugin v27.3 - https:\/\/yoast.com\/product\/yoast-seo-wordpress\/ -->\n<title>R\u00e4\u00e4t\u00e4l\u00f6ity koulutuskokonaisuus - Reunamo Education Research<\/title>\n<meta name=\"robots\" content=\"index, follow, max-snippet:-1, max-image-preview:large, max-video-preview:-1\" \/>\n<link rel=\"canonical\" href=\"https:\/\/www.reunamoedu.fi\/tuote\/koulutuskokonaisuus\/\" \/>\n<meta property=\"og:locale\" content=\"en_US\" \/>\n<meta property=\"og:type\" content=\"article\" \/>\n<meta property=\"og:title\" content=\"R\u00e4\u00e4t\u00e4l\u00f6ity koulutuskokonaisuus - Reunamo Education Research\" \/>\n<meta property=\"og:description\" content=\"Autamme kehitt\u00e4m\u00e4\u00e4n laadukasta kasvatusta ja opetusta - autamme mielell\u00e4mme erilaisissa varhaiskasvatuksen henkil\u00f6st\u00f6n koulutustarpeissa!\" \/>\n<meta property=\"og:url\" content=\"https:\/\/www.reunamoedu.fi\/tuote\/koulutuskokonaisuus\/\" \/>\n<meta property=\"og:site_name\" content=\"Reunamo Education Research\" \/>\n<meta property=\"article:publisher\" content=\"https:\/\/www.facebook.com\/reunamoedu\/\" \/>\n<meta property=\"article:modified_time\" content=\"2025-09-03T12:15:37+00:00\" \/>\n<meta property=\"og:image\" content=\"https:\/\/www.reunamoedu.fi\/content\/uploads\/2024\/04\/Tuotekortti-raataloidyt-koulutukset.jpg\" \/>\n\t<meta property=\"og:image:width\" content=\"1366\" \/>\n\t<meta property=\"og:image:height\" content=\"768\" \/>\n\t<meta property=\"og:image:type\" content=\"image\/jpeg\" \/>\n<meta name=\"twitter:card\" content=\"summary_large_image\" \/>\n<meta name=\"twitter:site\" content=\"@ReunamoEdu\" \/>\n<meta name=\"twitter:label1\" content=\"Est. reading time\" \/>\n\t<meta name=\"twitter:data1\" content=\"1 minute\" \/>\n<script type=\"application\/ld+json\" class=\"yoast-schema-graph\">{\"@context\":\"https:\\\/\\\/schema.org\",\"@graph\":[{\"@type\":\"WebPage\",\"@id\":\"https:\\\/\\\/www.reunamoedu.fi\\\/tuote\\\/koulutuskokonaisuus\\\/\",\"url\":\"https:\\\/\\\/www.reunamoedu.fi\\\/tuote\\\/koulutuskokonaisuus\\\/\",\"name\":\"R\u00e4\u00e4t\u00e4l\u00f6ity koulutuskokonaisuus - Reunamo Education Research\",\"isPartOf\":{\"@id\":\"https:\\\/\\\/www.reunamoedu.fi\\\/#website\"},\"primaryImageOfPage\":{\"@id\":\"https:\\\/\\\/www.reunamoedu.fi\\\/tuote\\\/koulutuskokonaisuus\\\/#primaryimage\"},\"image\":{\"@id\":\"https:\\\/\\\/www.reunamoedu.fi\\\/tuote\\\/koulutuskokonaisuus\\\/#primaryimage\"},\"thumbnailUrl\":\"https:\\\/\\\/www.reunamoedu.fi\\\/content\\\/uploads\\\/2024\\\/04\\\/Tuotekortti-raataloidyt-koulutukset.jpg\",\"datePublished\":\"2024-04-23T12:13:31+00:00\",\"dateModified\":\"2025-09-03T12:15:37+00:00\",\"breadcrumb\":{\"@id\":\"https:\\\/\\\/www.reunamoedu.fi\\\/tuote\\\/koulutuskokonaisuus\\\/#breadcrumb\"},\"inLanguage\":\"en-US\",\"potentialAction\":[{\"@type\":\"ReadAction\",\"target\":[\"https:\\\/\\\/www.reunamoedu.fi\\\/tuote\\\/koulutuskokonaisuus\\\/\"]}]},{\"@type\":\"ImageObject\",\"inLanguage\":\"en-US\",\"@id\":\"https:\\\/\\\/www.reunamoedu.fi\\\/tuote\\\/koulutuskokonaisuus\\\/#primaryimage\",\"url\":\"https:\\\/\\\/www.reunamoedu.fi\\\/content\\\/uploads\\\/2024\\\/04\\\/Tuotekortti-raataloidyt-koulutukset.jpg\",\"contentUrl\":\"https:\\\/\\\/www.reunamoedu.fi\\\/content\\\/uploads\\\/2024\\\/04\\\/Tuotekortti-raataloidyt-koulutukset.jpg\",\"width\":1366,\"height\":768},{\"@type\":\"BreadcrumbList\",\"@id\":\"https:\\\/\\\/www.reunamoedu.fi\\\/tuote\\\/koulutuskokonaisuus\\\/#breadcrumb\",\"itemListElement\":[{\"@type\":\"ListItem\",\"position\":1,\"name\":\"Home\",\"item\":\"https:\\\/\\\/www.reunamoedu.fi\\\/en\\\/\"},{\"@type\":\"ListItem\",\"position\":2,\"name\":\"Verkkokurssit &#038; koulutukset\",\"item\":\"https:\\\/\\\/www.reunamoedu.fi\\\/kauppa\\\/\"},{\"@type\":\"ListItem\",\"position\":3,\"name\":\"R\u00e4\u00e4t\u00e4l\u00f6ity koulutuskokonaisuus\"}]},{\"@type\":\"WebSite\",\"@id\":\"https:\\\/\\\/www.reunamoedu.fi\\\/#website\",\"url\":\"https:\\\/\\\/www.reunamoedu.fi\\\/\",\"name\":\"Reunamo Education Research\",\"description\":\"Laadukas varhaiskasvatus - hyvinvoiva lapsi\",\"publisher\":{\"@id\":\"https:\\\/\\\/www.reunamoedu.fi\\\/#organization\"},\"potentialAction\":[{\"@type\":\"SearchAction\",\"target\":{\"@type\":\"EntryPoint\",\"urlTemplate\":\"https:\\\/\\\/www.reunamoedu.fi\\\/?s={search_term_string}\"},\"query-input\":{\"@type\":\"PropertyValueSpecification\",\"valueRequired\":true,\"valueName\":\"search_term_string\"}}],\"inLanguage\":\"en-US\"},{\"@type\":\"Organization\",\"@id\":\"https:\\\/\\\/www.reunamoedu.fi\\\/#organization\",\"name\":\"Reunamo Education Research Oy\",\"url\":\"https:\\\/\\\/www.reunamoedu.fi\\\/\",\"logo\":{\"@type\":\"ImageObject\",\"inLanguage\":\"en-US\",\"@id\":\"https:\\\/\\\/www.reunamoedu.fi\\\/#\\\/schema\\\/logo\\\/image\\\/\",\"url\":\"https:\\\/\\\/www.reunamoedu.fi\\\/content\\\/uploads\\\/2020\\\/01\\\/68391515_105313870822321_7963323052769411072_o.jpg\",\"contentUrl\":\"https:\\\/\\\/www.reunamoedu.fi\\\/content\\\/uploads\\\/2020\\\/01\\\/68391515_105313870822321_7963323052769411072_o.jpg\",\"width\":1576,\"height\":1576,\"caption\":\"Reunamo Education Research Oy\"},\"image\":{\"@id\":\"https:\\\/\\\/www.reunamoedu.fi\\\/#\\\/schema\\\/logo\\\/image\\\/\"},\"sameAs\":[\"https:\\\/\\\/www.facebook.com\\\/reunamoedu\\\/\",\"https:\\\/\\\/x.com\\\/ReunamoEdu\",\"https:\\\/\\\/www.linkedin.com\\\/company\\\/reunamoedu\",\"https:\\\/\\\/www.youtube.com\\\/channel\\\/UCAMpaB2BUKNPkilQBKjRW-A\\\/featured\"]}]}<\/script>\n<!-- \/ Yoast SEO plugin. -->","yoast_head_json":{"title":"R\u00e4\u00e4t\u00e4l\u00f6ity koulutuskokonaisuus - Reunamo Education Research","robots":{"index":"index","follow":"follow","max-snippet":"max-snippet:-1","max-image-preview":"max-image-preview:large","max-video-preview":"max-video-preview:-1"},"canonical":"https:\/\/www.reunamoedu.fi\/tuote\/koulutuskokonaisuus\/","og_locale":"en_US","og_type":"article","og_title":"R\u00e4\u00e4t\u00e4l\u00f6ity koulutuskokonaisuus - Reunamo Education Research","og_description":"Autamme kehitt\u00e4m\u00e4\u00e4n laadukasta kasvatusta ja opetusta - autamme mielell\u00e4mme erilaisissa varhaiskasvatuksen henkil\u00f6st\u00f6n koulutustarpeissa!","og_url":"https:\/\/www.reunamoedu.fi\/tuote\/koulutuskokonaisuus\/","og_site_name":"Reunamo Education Research","article_publisher":"https:\/\/www.facebook.com\/reunamoedu\/","article_modified_time":"2025-09-03T12:15:37+00:00","og_image":[{"width":1366,"height":768,"url":"https:\/\/www.reunamoedu.fi\/content\/uploads\/2024\/04\/Tuotekortti-raataloidyt-koulutukset.jpg","type":"image\/jpeg"}],"twitter_card":"summary_large_image","twitter_site":"@ReunamoEdu","twitter_misc":{"Est. reading time":"1 minute"},"schema":{"@context":"https:\/\/schema.org","@graph":[{"@type":"WebPage","@id":"https:\/\/www.reunamoedu.fi\/tuote\/koulutuskokonaisuus\/","url":"https:\/\/www.reunamoedu.fi\/tuote\/koulutuskokonaisuus\/","name":"R\u00e4\u00e4t\u00e4l\u00f6ity koulutuskokonaisuus - Reunamo Education Research","isPartOf":{"@id":"https:\/\/www.reunamoedu.fi\/#website"},"primaryImageOfPage":{"@id":"https:\/\/www.reunamoedu.fi\/tuote\/koulutuskokonaisuus\/#primaryimage"},"image":{"@id":"https:\/\/www.reunamoedu.fi\/tuote\/koulutuskokonaisuus\/#primaryimage"},"thumbnailUrl":"https:\/\/www.reunamoedu.fi\/content\/uploads\/2024\/04\/Tuotekortti-raataloidyt-koulutukset.jpg","datePublished":"2024-04-23T12:13:31+00:00","dateModified":"2025-09-03T12:15:37+00:00","breadcrumb":{"@id":"https:\/\/www.reunamoedu.fi\/tuote\/koulutuskokonaisuus\/#breadcrumb"},"inLanguage":"en-US","potentialAction":[{"@type":"ReadAction","target":["https:\/\/www.reunamoedu.fi\/tuote\/koulutuskokonaisuus\/"]}]},{"@type":"ImageObject","inLanguage":"en-US","@id":"https:\/\/www.reunamoedu.fi\/tuote\/koulutuskokonaisuus\/#primaryimage","url":"https:\/\/www.reunamoedu.fi\/content\/uploads\/2024\/04\/Tuotekortti-raataloidyt-koulutukset.jpg","contentUrl":"https:\/\/www.reunamoedu.fi\/content\/uploads\/2024\/04\/Tuotekortti-raataloidyt-koulutukset.jpg","width":1366,"height":768},{"@type":"BreadcrumbList","@id":"https:\/\/www.reunamoedu.fi\/tuote\/koulutuskokonaisuus\/#breadcrumb","itemListElement":[{"@type":"ListItem","position":1,"name":"Home","item":"https:\/\/www.reunamoedu.fi\/en\/"},{"@type":"ListItem","position":2,"name":"Verkkokurssit &#038; koulutukset","item":"https:\/\/www.reunamoedu.fi\/kauppa\/"},{"@type":"ListItem","position":3,"name":"R\u00e4\u00e4t\u00e4l\u00f6ity koulutuskokonaisuus"}]},{"@type":"WebSite","@id":"https:\/\/www.reunamoedu.fi\/#website","url":"https:\/\/www.reunamoedu.fi\/","name":"Reunamo Education Research","description":"Laadukas varhaiskasvatus - hyvinvoiva lapsi","publisher":{"@id":"https:\/\/www.reunamoedu.fi\/#organization"},"potentialAction":[{"@type":"SearchAction","target":{"@type":"EntryPoint","urlTemplate":"https:\/\/www.reunamoedu.fi\/?s={search_term_string}"},"query-input":{"@type":"PropertyValueSpecification","valueRequired":true,"valueName":"search_term_string"}}],"inLanguage":"en-US"},{"@type":"Organization","@id":"https:\/\/www.reunamoedu.fi\/#organization","name":"Reunamo Education Research Oy","url":"https:\/\/www.reunamoedu.fi\/","logo":{"@type":"ImageObject","inLanguage":"en-US","@id":"https:\/\/www.reunamoedu.fi\/#\/schema\/logo\/image\/","url":"https:\/\/www.reunamoedu.fi\/content\/uploads\/2020\/01\/68391515_105313870822321_7963323052769411072_o.jpg","contentUrl":"https:\/\/www.reunamoedu.fi\/content\/uploads\/2020\/01\/68391515_105313870822321_7963323052769411072_o.jpg","width":1576,"height":1576,"caption":"Reunamo Education Research Oy"},"image":{"@id":"https:\/\/www.reunamoedu.fi\/#\/schema\/logo\/image\/"},"sameAs":["https:\/\/www.facebook.com\/reunamoedu\/","https:\/\/x.com\/ReunamoEdu","https:\/\/www.linkedin.com\/company\/reunamoedu","https:\/\/www.youtube.com\/channel\/UCAMpaB2BUKNPkilQBKjRW-A\/featured"]}]}},"acf":[],"_links":{"self":[{"href":"https:\/\/www.reunamoedu.fi\/en\/wp-json\/wp\/v2\/product\/6625","targetHints":{"allow":["GET"]}}],"collection":[{"href":"https:\/\/www.reunamoedu.fi\/en\/wp-json\/wp\/v2\/product"}],"about":[{"href":"https:\/\/www.reunamoedu.fi\/en\/wp-json\/wp\/v2\/types\/product"}],"wp:featuredmedia":[{"embeddable":true,"href":"https:\/\/www.reunamoedu.fi\/en\/wp-json\/wp\/v2\/media\/6642"}],"wp:attachment":[{"href":"https:\/\/www.reunamoedu.fi\/en\/wp-json\/wp\/v2\/media?parent=6625"}],"wp:term":[{"taxonomy":"product_brand","embeddable":true,"href":"https:\/\/www.reunamoedu.fi\/en\/wp-json\/wp\/v2\/product_brand?post=6625"},{"taxonomy":"product_cat","embeddable":true,"href":"https:\/\/www.reunamoedu.fi\/en\/wp-json\/wp\/v2\/product_cat?post=6625"},{"taxonomy":"product_tag","embeddable":true,"href":"https:\/\/www.reunamoedu.fi\/en\/wp-json\/wp\/v2\/product_tag?post=6625"}],"curies":[{"name":"wp","href":"https:\/\/api.w.org\/{rel}","templated":true}]}}