{"id":10225,"date":"2025-09-03T13:56:41","date_gmt":"2025-09-03T10:56:41","guid":{"rendered":"https:\/\/www.reunamoedu.fi\/?post_type=product&#038;p=10225"},"modified":"2026-01-16T11:18:25","modified_gmt":"2026-01-16T09:18:25","slug":"pedagogisen-johtamisen-valmennus","status":"publish","type":"product","link":"https:\/\/www.reunamoedu.fi\/en\/tuote\/pedagogisen-johtamisen-valmennus\/","title":{"rendered":"Pedagogisen johtamisen valmennus p\u00e4iv\u00e4kodinjohtajille"},"content":{"rendered":"","protected":false},"excerpt":{"rendered":"<p>Kehitt\u00e4v\u00e4 Palaute-tutkimus osoittaa, ett\u00e4 pedagoginen johtajuus on suoraan yhteydess\u00e4 lasten hyvinvointiin varhaiskasvatuksessa. Pedagogiseen johtamiseen panostettaessa satsataan siis my\u00f6s lasten hyvinvointiin! T\u00e4ss\u00e4 koulutuskokonaisuudessa syvennyt\u00e4\u00e4n varhaiskasvatusyksik\u00f6n pedagogiseen johtajuuteen\u00a0 asiantuntija Leena Lahtisen johdolla. Hybridikoulutus sis\u00e4lt\u00e4\u00e4 kaksi verkkov\u00e4litteist\u00e4 koulutustilaisuutta sek\u00e4 verkkokurssin!<\/p>\n","protected":false},"featured_media":4249,"template":"","meta":{"_acf_changed":false},"product_brand":[],"product_cat":[90,151],"product_tag":[],"class_list":{"0":"post-10225","1":"product","2":"type-product","3":"status-publish","4":"has-post-thumbnail","6":"product_cat-hybridikoulutus","7":"product_cat-tilaustuote","9":"first","10":"instock","11":"virtual","12":"taxable","13":"product-type-simple"},"yoast_head":"<!-- This site is optimized with the Yoast SEO plugin v27.3 - https:\/\/yoast.com\/product\/yoast-seo-wordpress\/ -->\n<title>Pedagogisen johtamisen valmennus p\u00e4iv\u00e4kodinjohtajille - Reunamo Education Research<\/title>\n<meta name=\"robots\" content=\"index, follow, max-snippet:-1, max-image-preview:large, max-video-preview:-1\" \/>\n<link rel=\"canonical\" href=\"https:\/\/www.reunamoedu.fi\/tuote\/pedagogisen-johtamisen-valmennus\/\" \/>\n<meta property=\"og:locale\" content=\"en_US\" \/>\n<meta property=\"og:type\" content=\"article\" \/>\n<meta property=\"og:title\" content=\"Pedagogisen johtamisen valmennus p\u00e4iv\u00e4kodinjohtajille - Reunamo Education Research\" \/>\n<meta property=\"og:description\" content=\"Kehitt\u00e4v\u00e4 Palaute-tutkimus osoittaa, ett\u00e4 pedagoginen johtajuus on suoraan yhteydess\u00e4 lasten hyvinvointiin varhaiskasvatuksessa. Pedagogiseen johtamiseen panostettaessa satsataan siis my\u00f6s lasten hyvinvointiin! T\u00e4ss\u00e4 koulutuskokonaisuudessa syvennyt\u00e4\u00e4n varhaiskasvatusyksik\u00f6n pedagogiseen johtajuuteen\u00a0 asiantuntija Leena Lahtisen johdolla. Hybridikoulutus sis\u00e4lt\u00e4\u00e4 kaksi verkkov\u00e4litteist\u00e4 koulutustilaisuutta sek\u00e4 verkkokurssin!\" \/>\n<meta property=\"og:url\" content=\"https:\/\/www.reunamoedu.fi\/tuote\/pedagogisen-johtamisen-valmennus\/\" \/>\n<meta property=\"og:site_name\" content=\"Reunamo Education Research\" \/>\n<meta property=\"article:publisher\" content=\"https:\/\/www.facebook.com\/reunamoedu\/\" \/>\n<meta property=\"article:modified_time\" content=\"2026-01-16T09:18:25+00:00\" \/>\n<meta property=\"og:image\" content=\"https:\/\/www.reunamoedu.fi\/content\/uploads\/2022\/09\/Ped.joht_..png\" \/>\n\t<meta property=\"og:image:width\" content=\"400\" \/>\n\t<meta property=\"og:image:height\" content=\"200\" \/>\n\t<meta property=\"og:image:type\" content=\"image\/png\" \/>\n<meta name=\"twitter:card\" content=\"summary_large_image\" \/>\n<meta name=\"twitter:site\" content=\"@ReunamoEdu\" \/>\n<meta name=\"twitter:label1\" content=\"Est. reading time\" \/>\n\t<meta name=\"twitter:data1\" content=\"1 minute\" \/>\n<script type=\"application\/ld+json\" class=\"yoast-schema-graph\">{\"@context\":\"https:\\\/\\\/schema.org\",\"@graph\":[{\"@type\":\"WebPage\",\"@id\":\"https:\\\/\\\/www.reunamoedu.fi\\\/tuote\\\/pedagogisen-johtamisen-valmennus\\\/\",\"url\":\"https:\\\/\\\/www.reunamoedu.fi\\\/tuote\\\/pedagogisen-johtamisen-valmennus\\\/\",\"name\":\"Pedagogisen johtamisen valmennus p\u00e4iv\u00e4kodinjohtajille - Reunamo Education Research\",\"isPartOf\":{\"@id\":\"https:\\\/\\\/www.reunamoedu.fi\\\/#website\"},\"primaryImageOfPage\":{\"@id\":\"https:\\\/\\\/www.reunamoedu.fi\\\/tuote\\\/pedagogisen-johtamisen-valmennus\\\/#primaryimage\"},\"image\":{\"@id\":\"https:\\\/\\\/www.reunamoedu.fi\\\/tuote\\\/pedagogisen-johtamisen-valmennus\\\/#primaryimage\"},\"thumbnailUrl\":\"https:\\\/\\\/www.reunamoedu.fi\\\/content\\\/uploads\\\/2022\\\/09\\\/Ped.joht_..png\",\"datePublished\":\"2025-09-03T10:56:41+00:00\",\"dateModified\":\"2026-01-16T09:18:25+00:00\",\"breadcrumb\":{\"@id\":\"https:\\\/\\\/www.reunamoedu.fi\\\/tuote\\\/pedagogisen-johtamisen-valmennus\\\/#breadcrumb\"},\"inLanguage\":\"en-US\",\"potentialAction\":[{\"@type\":\"ReadAction\",\"target\":[\"https:\\\/\\\/www.reunamoedu.fi\\\/tuote\\\/pedagogisen-johtamisen-valmennus\\\/\"]}]},{\"@type\":\"ImageObject\",\"inLanguage\":\"en-US\",\"@id\":\"https:\\\/\\\/www.reunamoedu.fi\\\/tuote\\\/pedagogisen-johtamisen-valmennus\\\/#primaryimage\",\"url\":\"https:\\\/\\\/www.reunamoedu.fi\\\/content\\\/uploads\\\/2022\\\/09\\\/Ped.joht_..png\",\"contentUrl\":\"https:\\\/\\\/www.reunamoedu.fi\\\/content\\\/uploads\\\/2022\\\/09\\\/Ped.joht_..png\",\"width\":400,\"height\":200},{\"@type\":\"BreadcrumbList\",\"@id\":\"https:\\\/\\\/www.reunamoedu.fi\\\/tuote\\\/pedagogisen-johtamisen-valmennus\\\/#breadcrumb\",\"itemListElement\":[{\"@type\":\"ListItem\",\"position\":1,\"name\":\"Home\",\"item\":\"https:\\\/\\\/www.reunamoedu.fi\\\/en\\\/\"},{\"@type\":\"ListItem\",\"position\":2,\"name\":\"Verkkokurssit &#038; koulutukset\",\"item\":\"https:\\\/\\\/www.reunamoedu.fi\\\/kauppa\\\/\"},{\"@type\":\"ListItem\",\"position\":3,\"name\":\"Pedagogisen johtamisen valmennus p\u00e4iv\u00e4kodinjohtajille\"}]},{\"@type\":\"WebSite\",\"@id\":\"https:\\\/\\\/www.reunamoedu.fi\\\/#website\",\"url\":\"https:\\\/\\\/www.reunamoedu.fi\\\/\",\"name\":\"Reunamo Education Research\",\"description\":\"Laadukas varhaiskasvatus - hyvinvoiva lapsi\",\"publisher\":{\"@id\":\"https:\\\/\\\/www.reunamoedu.fi\\\/#organization\"},\"potentialAction\":[{\"@type\":\"SearchAction\",\"target\":{\"@type\":\"EntryPoint\",\"urlTemplate\":\"https:\\\/\\\/www.reunamoedu.fi\\\/?s={search_term_string}\"},\"query-input\":{\"@type\":\"PropertyValueSpecification\",\"valueRequired\":true,\"valueName\":\"search_term_string\"}}],\"inLanguage\":\"en-US\"},{\"@type\":\"Organization\",\"@id\":\"https:\\\/\\\/www.reunamoedu.fi\\\/#organization\",\"name\":\"Reunamo Education Research Oy\",\"url\":\"https:\\\/\\\/www.reunamoedu.fi\\\/\",\"logo\":{\"@type\":\"ImageObject\",\"inLanguage\":\"en-US\",\"@id\":\"https:\\\/\\\/www.reunamoedu.fi\\\/#\\\/schema\\\/logo\\\/image\\\/\",\"url\":\"https:\\\/\\\/www.reunamoedu.fi\\\/content\\\/uploads\\\/2020\\\/01\\\/68391515_105313870822321_7963323052769411072_o.jpg\",\"contentUrl\":\"https:\\\/\\\/www.reunamoedu.fi\\\/content\\\/uploads\\\/2020\\\/01\\\/68391515_105313870822321_7963323052769411072_o.jpg\",\"width\":1576,\"height\":1576,\"caption\":\"Reunamo Education Research Oy\"},\"image\":{\"@id\":\"https:\\\/\\\/www.reunamoedu.fi\\\/#\\\/schema\\\/logo\\\/image\\\/\"},\"sameAs\":[\"https:\\\/\\\/www.facebook.com\\\/reunamoedu\\\/\",\"https:\\\/\\\/x.com\\\/ReunamoEdu\",\"https:\\\/\\\/www.linkedin.com\\\/company\\\/reunamoedu\",\"https:\\\/\\\/www.youtube.com\\\/channel\\\/UCAMpaB2BUKNPkilQBKjRW-A\\\/featured\"]}]}<\/script>\n<!-- \/ Yoast SEO plugin. -->","yoast_head_json":{"title":"Pedagogisen johtamisen valmennus p\u00e4iv\u00e4kodinjohtajille - Reunamo Education Research","robots":{"index":"index","follow":"follow","max-snippet":"max-snippet:-1","max-image-preview":"max-image-preview:large","max-video-preview":"max-video-preview:-1"},"canonical":"https:\/\/www.reunamoedu.fi\/tuote\/pedagogisen-johtamisen-valmennus\/","og_locale":"en_US","og_type":"article","og_title":"Pedagogisen johtamisen valmennus p\u00e4iv\u00e4kodinjohtajille - Reunamo Education Research","og_description":"Kehitt\u00e4v\u00e4 Palaute-tutkimus osoittaa, ett\u00e4 pedagoginen johtajuus on suoraan yhteydess\u00e4 lasten hyvinvointiin varhaiskasvatuksessa. Pedagogiseen johtamiseen panostettaessa satsataan siis my\u00f6s lasten hyvinvointiin! T\u00e4ss\u00e4 koulutuskokonaisuudessa syvennyt\u00e4\u00e4n varhaiskasvatusyksik\u00f6n pedagogiseen johtajuuteen\u00a0 asiantuntija Leena Lahtisen johdolla. Hybridikoulutus sis\u00e4lt\u00e4\u00e4 kaksi verkkov\u00e4litteist\u00e4 koulutustilaisuutta sek\u00e4 verkkokurssin!","og_url":"https:\/\/www.reunamoedu.fi\/tuote\/pedagogisen-johtamisen-valmennus\/","og_site_name":"Reunamo Education Research","article_publisher":"https:\/\/www.facebook.com\/reunamoedu\/","article_modified_time":"2026-01-16T09:18:25+00:00","og_image":[{"width":400,"height":200,"url":"https:\/\/www.reunamoedu.fi\/content\/uploads\/2022\/09\/Ped.joht_..png","type":"image\/png"}],"twitter_card":"summary_large_image","twitter_site":"@ReunamoEdu","twitter_misc":{"Est. reading time":"1 minute"},"schema":{"@context":"https:\/\/schema.org","@graph":[{"@type":"WebPage","@id":"https:\/\/www.reunamoedu.fi\/tuote\/pedagogisen-johtamisen-valmennus\/","url":"https:\/\/www.reunamoedu.fi\/tuote\/pedagogisen-johtamisen-valmennus\/","name":"Pedagogisen johtamisen valmennus p\u00e4iv\u00e4kodinjohtajille - Reunamo Education Research","isPartOf":{"@id":"https:\/\/www.reunamoedu.fi\/#website"},"primaryImageOfPage":{"@id":"https:\/\/www.reunamoedu.fi\/tuote\/pedagogisen-johtamisen-valmennus\/#primaryimage"},"image":{"@id":"https:\/\/www.reunamoedu.fi\/tuote\/pedagogisen-johtamisen-valmennus\/#primaryimage"},"thumbnailUrl":"https:\/\/www.reunamoedu.fi\/content\/uploads\/2022\/09\/Ped.joht_..png","datePublished":"2025-09-03T10:56:41+00:00","dateModified":"2026-01-16T09:18:25+00:00","breadcrumb":{"@id":"https:\/\/www.reunamoedu.fi\/tuote\/pedagogisen-johtamisen-valmennus\/#breadcrumb"},"inLanguage":"en-US","potentialAction":[{"@type":"ReadAction","target":["https:\/\/www.reunamoedu.fi\/tuote\/pedagogisen-johtamisen-valmennus\/"]}]},{"@type":"ImageObject","inLanguage":"en-US","@id":"https:\/\/www.reunamoedu.fi\/tuote\/pedagogisen-johtamisen-valmennus\/#primaryimage","url":"https:\/\/www.reunamoedu.fi\/content\/uploads\/2022\/09\/Ped.joht_..png","contentUrl":"https:\/\/www.reunamoedu.fi\/content\/uploads\/2022\/09\/Ped.joht_..png","width":400,"height":200},{"@type":"BreadcrumbList","@id":"https:\/\/www.reunamoedu.fi\/tuote\/pedagogisen-johtamisen-valmennus\/#breadcrumb","itemListElement":[{"@type":"ListItem","position":1,"name":"Home","item":"https:\/\/www.reunamoedu.fi\/en\/"},{"@type":"ListItem","position":2,"name":"Verkkokurssit &#038; koulutukset","item":"https:\/\/www.reunamoedu.fi\/kauppa\/"},{"@type":"ListItem","position":3,"name":"Pedagogisen johtamisen valmennus p\u00e4iv\u00e4kodinjohtajille"}]},{"@type":"WebSite","@id":"https:\/\/www.reunamoedu.fi\/#website","url":"https:\/\/www.reunamoedu.fi\/","name":"Reunamo Education Research","description":"Laadukas varhaiskasvatus - hyvinvoiva lapsi","publisher":{"@id":"https:\/\/www.reunamoedu.fi\/#organization"},"potentialAction":[{"@type":"SearchAction","target":{"@type":"EntryPoint","urlTemplate":"https:\/\/www.reunamoedu.fi\/?s={search_term_string}"},"query-input":{"@type":"PropertyValueSpecification","valueRequired":true,"valueName":"search_term_string"}}],"inLanguage":"en-US"},{"@type":"Organization","@id":"https:\/\/www.reunamoedu.fi\/#organization","name":"Reunamo Education Research Oy","url":"https:\/\/www.reunamoedu.fi\/","logo":{"@type":"ImageObject","inLanguage":"en-US","@id":"https:\/\/www.reunamoedu.fi\/#\/schema\/logo\/image\/","url":"https:\/\/www.reunamoedu.fi\/content\/uploads\/2020\/01\/68391515_105313870822321_7963323052769411072_o.jpg","contentUrl":"https:\/\/www.reunamoedu.fi\/content\/uploads\/2020\/01\/68391515_105313870822321_7963323052769411072_o.jpg","width":1576,"height":1576,"caption":"Reunamo Education Research Oy"},"image":{"@id":"https:\/\/www.reunamoedu.fi\/#\/schema\/logo\/image\/"},"sameAs":["https:\/\/www.facebook.com\/reunamoedu\/","https:\/\/x.com\/ReunamoEdu","https:\/\/www.linkedin.com\/company\/reunamoedu","https:\/\/www.youtube.com\/channel\/UCAMpaB2BUKNPkilQBKjRW-A\/featured"]}]}},"acf":[],"_links":{"self":[{"href":"https:\/\/www.reunamoedu.fi\/en\/wp-json\/wp\/v2\/product\/10225","targetHints":{"allow":["GET"]}}],"collection":[{"href":"https:\/\/www.reunamoedu.fi\/en\/wp-json\/wp\/v2\/product"}],"about":[{"href":"https:\/\/www.reunamoedu.fi\/en\/wp-json\/wp\/v2\/types\/product"}],"wp:featuredmedia":[{"embeddable":true,"href":"https:\/\/www.reunamoedu.fi\/en\/wp-json\/wp\/v2\/media\/4249"}],"wp:attachment":[{"href":"https:\/\/www.reunamoedu.fi\/en\/wp-json\/wp\/v2\/media?parent=10225"}],"wp:term":[{"taxonomy":"product_brand","embeddable":true,"href":"https:\/\/www.reunamoedu.fi\/en\/wp-json\/wp\/v2\/product_brand?post=10225"},{"taxonomy":"product_cat","embeddable":true,"href":"https:\/\/www.reunamoedu.fi\/en\/wp-json\/wp\/v2\/product_cat?post=10225"},{"taxonomy":"product_tag","embeddable":true,"href":"https:\/\/www.reunamoedu.fi\/en\/wp-json\/wp\/v2\/product_tag?post=10225"}],"curies":[{"name":"wp","href":"https:\/\/api.w.org\/{rel}","templated":true}]}}